{"id":43,"date":"2025-04-22T22:40:30","date_gmt":"2025-04-22T20:40:30","guid":{"rendered":"https:\/\/www.bezgmo.cz\/?page_id=43"},"modified":"2025-05-11T09:18:17","modified_gmt":"2025-05-11T07:18:17","slug":"uvod","status":"publish","type":"page","link":"https:\/\/www.bezgmo.cz\/","title":{"rendered":"\u00daVOD"},"content":{"rendered":"\n<p>V mnoha zem\u00edch Evropy n\u011bkte\u0159\u00ed v\u00fdrobci a distributo\u0159i potravin, a to p\u0159edev\u0161\u00edm v ml\u00e9k\u00e1rensk\u00e9m pr\u016fmyslu po\u017eaduj\u00ed, aby pro dod\u00e1van\u00e9 produkty bylo prokazateln\u00e9, \u017ee neobsahuj\u00ed anebo nebyly vyrobeny z komponent, kter\u00e9 obsahuj\u00ed genetickou modifikaci (GMO \u2013 geneticky modifikovan\u00e9 organismy).<\/p>\n\n\n\n<p>V n\u00e1vaznosti na evropskou legislativu a harmonizovanou legislativu \u010cesk\u00e9 republiky byl Spolkem pro komodity a krmiva (SKK), sdru\u017euj\u00edc\u00edm spole\u010dnosti produkuj\u00edc\u00ed zem\u011bd\u011blsk\u00e9 komodity a vyr\u00e1b\u011bj\u00edc\u00ed krmiva, vytvo\u0159en Standard \u201eBez GMO\u201c, jeho\u017e c\u00edlem je zaji\u0161t\u011bn\u00ed z\u00e1sad standardu a prok\u00e1z\u00e1n\u00ed u v\u00fdrobc\u016f potravin, krmiv, dopravc\u016f a uji\u0161t\u011bn\u00ed spot\u0159ebitel\u016f, \u017ee nebyla p\u0159i produkci potravin pro lidskou v\u00fd\u017eivu pou\u017eita genetick\u00e1 modifikace v cel\u00e9m dodavatelsk\u00e9m \u0159et\u011bzci potravin\u00e1\u0159sk\u00e9 produkce.<\/p>\n\n\n\n<p><strong>Standard &#8222;Bez GMO&#8220;<\/strong>&nbsp;je ryze&nbsp;<strong>\u010desk\u00fd dobrovoln\u00fd standard<\/strong>&nbsp;a sv\u00fdm obsahem je kompatibiln\u00ed se zahrani\u010dn\u00edmi standardy, je podporov\u00e1n Ministerstvem zem\u011bd\u011blstv\u00ed a schv\u00e1len p\u0159\u00edslu\u0161nou sekc\u00ed v EU. \u010cesk\u00fd n\u00e1rodn\u00ed Standard \u201eBez GMO\u201c ur\u010duje z\u00e1sady a podm\u00ednky pro zaji\u0161t\u011bn\u00ed takto ozna\u010den\u00fdch produkt\u016f a zp\u016fsob ov\u011b\u0159en\u00ed skute\u010dnosti, \u017ee geneticky modifikovan\u00e9 produkty nebyly pou\u017eity v jak\u00e9koliv f\u00e1zi produkce takov\u00e9to potraviny (p\u011bstov\u00e1n\u00ed zem\u011bd\u011blsk\u00fdch komodit, v\u00fdkrm hospod\u00e1\u0159sk\u00fdch zv\u00ed\u0159at, v p\u0159\u00edsad\u00e1ch do potravin) a \u017ee je syst\u00e9mem \u0159\u00edzen\u00ed v ka\u017ed\u00e9m konkr\u00e9tn\u00edm prvku dodavatelsk\u00e9ho \u0159et\u011bzce zaji\u0161t\u011bna minimalizace rizika kontaminace surovinami nebo produkty s geneticky modifikovan\u00fdmi organismy.<\/p>\n\n\n\n<p>Kontrola a certifikace podle Standardu \u201eBez GMO\u201c prob\u00edh\u00e1 v cel\u00e9m \u0159et\u011bzci, od produkce pou\u017eit\u00fdch osiv, p\u011bstov\u00e1n\u00ed obilovin, olejnin a jin\u00fdch surovin, v\u00fdroby krmn\u00fdch sm\u011bs\u00ed, p\u0159epravy, zpracov\u00e1n\u00ed potravin\u00e1\u0159sk\u00fdch surovin, zpracov\u00e1n\u00ed jednotliv\u00fdch potravin\u00e1\u0159sk\u00fdch produkt\u016f. Po\u017eadavky Standardu se vztahuj\u00ed tak\u00e9 na obchodn\u00edky a dopravce, kte\u0159\u00ed nakl\u00e1daj\u00ed se surovinami a produkty.<\/p>\n\n\n\n<p>Certifikovan\u00e9 organizace jsou pravideln\u011b podrobov\u00e1ny nez\u00e1visl\u00fdm audit\u016fm ze strany certifika\u010dn\u00ed spole\u010dnosti. Dohled nad certifikac\u00ed standardu \u201eBez GMO\u201c pak vykon\u00e1v\u00e1 Spolek pro komodity a krmiva prost\u0159ednictv\u00edm prov\u00e1d\u011bn\u00fdch Audit\u016f Integrity.<\/p>\n\n\n\n<p>Standard Bez GMO je podporovan\u00fd Ministerstvem zem\u011bd\u011blstv\u00ed a \u00daKZ\u00daZ.<\/p>\n\n\n\n<p> <\/p>\n\n\n\n<hr class=\"wp-block-separator has-text-color has-alpha-channel-opacity has-background\" style=\"background-color:#039141;color:#039141\"\/>\n\n\n\n<h2 class=\"wp-block-heading\" style=\"font-size:28px\">Aktuality<\/h2>\n\n\n\n<section class=\"wp-block-query is-layout-flow wp-block-query-is-layout-flow\"><ul style=\"background-color:#0391411f; font-size:15px;\" class=\"columns-2 wp-block-post-template has-background is-layout-grid wp-container-core-post-template-is-layout-f6ab3723 wp-block-post-template-is-layout-grid\"><li class=\"wp-block-post post-493 post type-post status-publish format-standard hentry category-aktuality\">\n\n<div class=\"wp-block-group is-horizontal is-content-justification-space-between is-layout-flex wp-container-core-group-is-layout-6148bea7 wp-block-group-is-layout-flex\" style=\"padding-top:30px;padding-right:30px;padding-bottom:30px;padding-left:30px\"><h2 style=\"font-size:18px;\" class=\"wp-block-post-title\"><a href=\"https:\/\/www.bezgmo.cz\/?p=493\" target=\"_self\" >Vyd\u00e1n\u00ed aktualizace Standardu &#8222;Bez GMO&#8220; verze 2.1<\/a><\/h2>\n\n<div class=\"wp-block-post-excerpt\"><p class=\"wp-block-post-excerpt__excerpt\">Aktualizovan\u00e1 dokumentace Standardu &#8222;Bez GMO&#8220; verze 2.1 platn\u00e1 od 1\/7\/2025.Od&hellip; <a class=\"wp-block-post-excerpt__more-link\" href=\"https:\/\/www.bezgmo.cz\/?p=493\">\u010c\u00edst v\u00edce<\/a><\/p><\/div><\/div>\n\n<\/li><li class=\"wp-block-post post-441 post type-post status-publish format-standard hentry category-aktuality\">\n\n<div class=\"wp-block-group is-horizontal is-content-justification-space-between is-layout-flex wp-container-core-group-is-layout-6148bea7 wp-block-group-is-layout-flex\" style=\"padding-top:30px;padding-right:30px;padding-bottom:30px;padding-left:30px\"><h2 style=\"font-size:18px;\" class=\"wp-block-post-title\"><a href=\"https:\/\/www.bezgmo.cz\/?p=441\" target=\"_self\" >N\u011bmeck\u00e1 spole\u010dnost VLOG uznala Standard \u201eBez GMO\u201c.<\/a><\/h2>\n\n<div class=\"wp-block-post-excerpt\"><p class=\"wp-block-post-excerpt__excerpt\">N\u011bmeck\u00e1 spole\u010dnost VLOG uznala Standard \u201eBez GMO\u201c vlastn\u011bn\u00fd Spolkem pro&hellip; <a class=\"wp-block-post-excerpt__more-link\" href=\"https:\/\/www.bezgmo.cz\/?p=441\">\u010c\u00edst v\u00edce<\/a><\/p><\/div><\/div>\n\n<\/li><\/ul>\n\n\n<hr class=\"wp-block-separator has-text-color has-alpha-channel-opacity has-background\" style=\"background-color:#039141;color:#039141\"\/>\n<\/section>\n\n\n\n<p> <\/p>\n\n\n\n<p><\/p>\n","protected":false},"excerpt":{"rendered":"<p>V mnoha zem\u00edch Evropy n\u011bkte\u0159\u00ed v\u00fdrobci a distributo\u0159i potravin, a to p\u0159edev\u0161\u00edm v ml\u00e9k\u00e1rensk\u00e9m pr\u016fmyslu po\u017eaduj\u00ed, aby pro dod\u00e1van\u00e9 produkty bylo prokazateln\u00e9, \u017ee neobsahuj\u00ed anebo nebyly vyrobeny z komponent, kter\u00e9 obsahuj\u00ed genetickou modifikaci (GMO \u2013 geneticky modifikovan\u00e9 organismy). V n\u00e1vaznosti na evropskou legislativu a harmonizovanou legislativu \u010cesk\u00e9 republiky byl Spolkem pro komodity a krmiva (SKK), &hellip; <a href=\"https:\/\/www.bezgmo.cz\/\" class=\"more-link\">Continue reading<span class=\"screen-reader-text\"> &#8222;\u00daVOD&#8220;<\/span><\/a><\/p>\n","protected":false},"author":1,"featured_media":0,"parent":0,"menu_order":0,"comment_status":"closed","ping_status":"closed","template":"","meta":{"footnotes":""},"class_list":["post-43","page","type-page","status-publish","hentry"],"_links":{"self":[{"href":"https:\/\/www.bezgmo.cz\/index.php?rest_route=\/wp\/v2\/pages\/43","targetHints":{"allow":["GET"]}}],"collection":[{"href":"https:\/\/www.bezgmo.cz\/index.php?rest_route=\/wp\/v2\/pages"}],"about":[{"href":"https:\/\/www.bezgmo.cz\/index.php?rest_route=\/wp\/v2\/types\/page"}],"author":[{"embeddable":true,"href":"https:\/\/www.bezgmo.cz\/index.php?rest_route=\/wp\/v2\/users\/1"}],"replies":[{"embeddable":true,"href":"https:\/\/www.bezgmo.cz\/index.php?rest_route=%2Fwp%2Fv2%2Fcomments&post=43"}],"version-history":[{"count":17,"href":"https:\/\/www.bezgmo.cz\/index.php?rest_route=\/wp\/v2\/pages\/43\/revisions"}],"predecessor-version":[{"id":541,"href":"https:\/\/www.bezgmo.cz\/index.php?rest_route=\/wp\/v2\/pages\/43\/revisions\/541"}],"wp:attachment":[{"href":"https:\/\/www.bezgmo.cz\/index.php?rest_route=%2Fwp%2Fv2%2Fmedia&parent=43"}],"curies":[{"name":"wp","href":"https:\/\/api.w.org\/{rel}","templated":true}]}}