{"id":134,"date":"2025-05-04T11:02:49","date_gmt":"2025-05-04T09:02:49","guid":{"rendered":"https:\/\/www.bezgmo.cz\/?page_id=134"},"modified":"2025-06-28T16:32:49","modified_gmt":"2025-06-28T14:32:49","slug":"vydane-certifikaty","status":"publish","type":"page","link":"https:\/\/www.bezgmo.cz\/?page_id=134","title":{"rendered":"Vydan\u00e9 certifik\u00e1ty"},"content":{"rendered":"\n<div id=\"footable_parent_717\"\n         class=\" footable_parent ninja_table_wrapper loading_ninja_table wp_table_data_press_parent semantic_ui colored_table\">\n                        <div\n                class=\"table_description footable_description\"><strong>Seznam certifikovan\u00fdch spole\u010dnost\u00ed podle Standardu Bez GMO:<\/strong><br \/>Posledn\u00ed aktualizace seznamu: <strong>31\/03\/2026<\/strong><br \/><em><br \/>Vysv\u011btlivky:<br \/>BV = BUREAU VERITAS CERTIFICATION CZ,s.r.o.<br \/>TUV = T\u00dcV S\u00dcD Czech s.r.o.<\/em><br \/><em>CO = Certifika\u010dn\u00ed org\u00e1n<\/em><\/div>\n                    <table data-ninja_table_instance=\"ninja_table_instance_0\" data-footable_id=\"717\" data-filter-delay=\"1000\"            id=\"footable_717\"\n           data-unique_identifier=\"ninja_table_unique_id_2108965535_717\"\n           class=\" foo-table ninja_footable foo_table_717 ninja_table_unique_id_2108965535_717 ui table  ninja_search_right nt_sticky_first_column nt_type_ajax_table selectable striped vertical_centered celled ninja_custom_color inverted footable-paging-center ninja_table_pro\">\n                    <caption>Seznam certifikovan\u00fdch spole\u010dnost\u00ed<\/caption>\n                <colgroup>\n                            <col class=\"ninja_column_0 \">\n                            <col class=\"ninja_column_1 xs\">\n                            <col class=\"ninja_column_2 xs\">\n                            <col class=\"ninja_column_3 xs sm\">\n                            <col class=\"ninja_column_4 xs\">\n                            <col class=\"ninja_column_5 xs sm\">\n                            <col class=\"ninja_column_6 \">\n                    <\/colgroup>\n            <\/table>\n    \n    \n    \n<\/div>\n\n","protected":false},"excerpt":{"rendered":"","protected":false},"author":1,"featured_media":0,"parent":0,"menu_order":0,"comment_status":"closed","ping_status":"closed","template":"","meta":{"footnotes":""},"class_list":["post-134","page","type-page","status-publish","hentry"],"_links":{"self":[{"href":"https:\/\/www.bezgmo.cz\/index.php?rest_route=\/wp\/v2\/pages\/134","targetHints":{"allow":["GET"]}}],"collection":[{"href":"https:\/\/www.bezgmo.cz\/index.php?rest_route=\/wp\/v2\/pages"}],"about":[{"href":"https:\/\/www.bezgmo.cz\/index.php?rest_route=\/wp\/v2\/types\/page"}],"author":[{"embeddable":true,"href":"https:\/\/www.bezgmo.cz\/index.php?rest_route=\/wp\/v2\/users\/1"}],"replies":[{"embeddable":true,"href":"https:\/\/www.bezgmo.cz\/index.php?rest_route=%2Fwp%2Fv2%2Fcomments&post=134"}],"version-history":[{"count":21,"href":"https:\/\/www.bezgmo.cz\/index.php?rest_route=\/wp\/v2\/pages\/134\/revisions"}],"predecessor-version":[{"id":746,"href":"https:\/\/www.bezgmo.cz\/index.php?rest_route=\/wp\/v2\/pages\/134\/revisions\/746"}],"wp:attachment":[{"href":"https:\/\/www.bezgmo.cz\/index.php?rest_route=%2Fwp%2Fv2%2Fmedia&parent=134"}],"curies":[{"name":"wp","href":"https:\/\/api.w.org\/{rel}","templated":true}]}}